{"id":123,"date":"2024-06-12T15:18:22","date_gmt":"2024-06-12T13:18:22","guid":{"rendered":"https:\/\/wharmonii.org.pl\/?page_id=123"},"modified":"2025-01-31T14:24:28","modified_gmt":"2025-01-31T13:24:28","slug":"mesmerize","status":"publish","type":"page","link":"https:\/\/wharmonii.org.pl\/","title":{"rendered":"Front Page"},"content":{"rendered":"<div  id=\"o-mnie\" style=\"background-color: #ffffff;\" data-label=\"O mnie\" data-id=\"content-3\" data-export-id=\"content-3\" data-category=\"content\" class=\"content-3 content-section content-section-spacing\"><div > <div  class=\"row middle-xs\"><div  class=\"col-sm-7 full-col-left-padding full-col-right-padding\"> <div  class=\"row\"><div  data-type=\"column\" class=\"space-bottom-small content-title-col\">  <h2  class=\"\" style=\"font-family: &quot;monsieur la doulaise&quot; !important; font-weight: 400 !important;\">O mnie<\/h2> <p  class=\"\">Nazywam si\u0119 Adriana Moska\u0142a i jestem dyplomowanym fizjoterapeut\u0105 (prawo wykonywania zawodu 61179)<br ><br >Od ponad 20 lat zajmuj\u0119 si\u0119 ludzkim cia\u0142em, pracuj\u0105c i rozwijaj\u0105c swoje umiej\u0119tno\u015bci jako fizjoterapeuta.<br ><br >W tym czasie uko\u0144czy\u0142am szereg kurs\u00f3w i szkole\u0144 dzi\u0119ki, kt\u00f3rym dzisiaj mog\u0119 pomaga\u0107 ludziom. Praca fizjoterapeuty to r\u00f3wnocze\u015bnie moje hobby i co\u015b co ka\u017cdego dnia przynosi mi rado\u015b\u0107 oraz wyzwania.<br ><br >Swoje do\u015bwiadczenie zawodowe zdobywa\u0142am pracuj\u0105c w renomowanych krakowskich klinikach ( m.in Studio A&amp;S, Klinika Votum Reha Plus) oraz poprzez systematyczne rozwijanie swoich umiej\u0119tno\u015bci zawodowych (kursy PNF, Bobath, wsp\u00f3\u0142czesne metody diagnostyki i leczenia tkanek mi\u0119kkich, diagnozowanie i leczenie dysfunkcji miednicy, FM wg. metody Stecco I, II, III modu\u0142) a ostatnio rozwijam swoje umiej\u0119tno\u015bci w dziedzinie osteopatii.<br ><br >Od 2010 roku prowadz\u0119 w\u0142asn\u0105 dzia\u0142alno\u015b\u0107 fizjoterapeutyczn\u0105. <\/p><\/div> <\/div> <div  class=\"row spaced-cols\" data-type=\"row\"> <div  class=\"col-xs-6\" data-type=\"column\">  <\/div>    <\/div><\/div> <div  class=\"col-sm-5 bg-image shadow-large-black revert-classes-holder\" data-bg=\"image\" style=\"background-image: url(&quot;https:\/\/wharmonii.org.pl\/wp-content\/uploads\/2025\/01\/cropped-IMG_0036-scaled-1.jpg&quot;);\"><\/div><\/div> <\/div><\/div><div  id=\"kariera\" style=\"background-color: rgb(245, 250, 253); background-image: none;\" data-label=\"Kariera\" data-id=\"features-12-card-bordered\" data-export-id=\"features-12-card-bordered\" data-category=\"features\" class=\"features-12-card-bordered content-section content-section-spacing \"><div  class=\"gridContainer\"> <div  class=\"row text-center\"><div  class=\"section-title-col\" data-type=\"column\"> <h2  class=\"\" style=\"font-family: &quot;monsieur la doulaise&quot; !important; font-weight: 400 !important;\">Kariera<\/h2> <p  class=\"lead\">Ju\u017c od ponad dw\u00f3ch dekad rozwijam si\u0119 w kierunku fizjoterapii oraz osteopatii.<\/p><\/div> <\/div> <div  class=\"row spaced-cols\" data-type=\"row\"> <div  class=\"col-sm-6\"> <div  class=\"card row-card bordered y-move\"> <div  class=\"row\"> <div  class=\"col-sm-fit icon-column\"> <i  class=\"fa icon color2 fa-connectdevelop bordered round\"><\/i> <\/div> <div  class=\"col-sm\" data-type=\"column\">  <p  class=\"lead\">2022<\/p><p  class=\"\">Terapia FM wg. Stecco III modu\u0142 \u2013 J. Ciechomski i P. Cultrera<\/p><\/div> <\/div><\/div> <\/div> <div  class=\"col-sm-6\"> <div  class=\"card row-card bordered y-move\"> <div  class=\"row\"> <div  class=\"col-sm-fit icon-column\"> <i  class=\"fa icon color2 fa-connectdevelop bordered round\"><\/i> <\/div> <div  class=\"col-sm\" data-type=\"column\">  <p  class=\"lead\">2021<\/p><p  class=\"\">Terapia FM wg. Stecco I i II modu\u0142 \u2013 M. Sternak,<br >Autonomiczny uk\u0142ad nerwowy (diagnostyka i leczenie) \u2013<br > J. Ciechomski<br >Neurolimfatyczne leczenie dysfunkcji narz\u0105du ruchu \u2013 <br >J. Ciechomski<\/p><\/div> <\/div><\/div> <\/div> <div  class=\"col-sm-6\"> <div  class=\"card row-card bordered y-move\"> <div  class=\"row\"> <div  class=\"col-sm-fit icon-column\"> <i  class=\"fa icon color2 fa-connectdevelop bordered round\"><\/i> <\/div> <div  class=\"col-sm\" data-type=\"column\">  <p  class=\"lead\"><em >2020<\/em><\/p><p  class=\"\">Diagnozowanie i leczenie dysfunkcji miednicy J. Ciechomski<\/p><\/div> <\/div><\/div> <\/div> <div  class=\"col-sm-6\"> <div  class=\"card row-card bordered y-move\"> <div  class=\"row\"> <div  class=\"col-sm-fit icon-column\"> <i  class=\"fa icon color2 fa-connectdevelop bordered round\"><\/i> <\/div> <div  class=\"col-sm\" data-type=\"column\">  <p  class=\"lead\"><em >2016-2017 <\/em><\/p><p  class=\"\">Integracja Sensoryczna w Krakowie, Studia Podyplomowe;<\/p><\/div> <\/div><\/div> <\/div><\/div> <\/div><\/div><div  data-label=\"Opinie\" data-id=\"testimonials--1\" data-export-id=\"testimonials-5\" data-category=\"testimonials\" class=\"testimonials-5 content-section content-section-spacing\" id=\"opinie\" style=\"background-color: rgb(255, 255, 255); background-image: none;\"><div  class=\"gridContainer\"> <div  class=\"row\"><div  data-type=\"column\" class=\"section-title-col\"> <h2  class=\"\">Opinie<\/h2> <p  class=\"lead\">Co o mnie m\u00f3wi\u0105:<\/p><\/div> <\/div> <div  class=\"row spaced-cols content-center-sm\" data-type=\"row\"> <div  class=\"col-xs-12 col-sm-6 col-md-4\"> <div  class=\"card y-move bordered\" data-type=\"column\"> <i  class=\"fa fa-quote-right icon color1 small quotation-icon\"><\/i> <p  class=\"text-center\">Pani Ada postawi\u0142a mnie na nogi. Przyszed\u0142em z ogromnym b\u00f3lem kr\u0119gos\u0142upa, po kilku sesjach jak r\u0119k\u0105 odj\u0105\u0142.<\/p>   <\/div> <\/div> <div  class=\"col-xs-12 col-sm-6 col-md-4\"> <div  class=\"card y-move bordered\" data-type=\"column\"> <i  class=\"fa fa-quote-right icon color1 small quotation-icon\"><\/i> <p  class=\"text-center\">Panie Adrianna rozwi\u0105zuje najr\u00f3\u017cniejsze problemy, nawet te, z kt\u00f3rymi nie zwyk\u0142o sie chodzi\u0107 do fizjoterapeuty. Dzi\u0119ki niej u\u017cywam sw\u00f3j organizm, jakbym mia\u0142 10 lat mniej. Polecam<\/p>   <\/div> <\/div> <div  class=\"col-xs-12 col-sm-6 col-md-4\"> <div  class=\"card y-move bordered\" data-type=\"column\"> <i  class=\"fa fa-quote-right icon color1 small quotation-icon\"><\/i> <p  class=\"text-center\">Do Pani Ady je\u017cd\u017c\u0119  z Poznania poniewa\u017c jest to jedynym fizjoterapeutk\u0105 kt\u00f3ry potrafi\u0142a zaradzi\u0107 na m\u00f3j wieloletni problem. Podej\u015bcie do pacjenta jest profesjonalne, empatyczne i bez lekcewa\u017cenia problemu, co jest rzadkie w wielu gabinetach. Pani Ada szuka przyczyny b\u00f3lu w ca\u0142ym ciele, a nie skupia si\u0119 tylko i wy\u0142\u0105cznie na jednym obszarze w jego okolicy. Polecam!<\/p>   <\/div> <\/div><\/div> <\/div><\/div><div  id=\"kontakt\" data-label=\"Kontakt\" data-id=\"cta-blue-section\" data-export-id=\"cta-blue-section\" data-category=\"cta\" class=\"cta-blue-section content-section content-section-spacing-medium bg-color1 white-text\"><div  class=\"gridContainer\"> <div  class=\"row middle-xs\"><div  class=\"col-sm-8 space-bottom-xs\" data-type=\"column\"> <h2  class=\"\" style=\"font-family: &quot;monsieur la doulaise&quot; !important; font-weight: 400 !important;\">Zapraszam do kontaktu<\/h2> <\/div> <div  class=\"col-sm-4 end-sm\" data-type=\"column\"> <a  class=\"button color2\" href=\"tel:881555775\" target=\"_self\" data-cp-link=\"1\" rel=\"noopener\">Zadzwo\u0144<\/a><\/div> <\/div><\/div> <\/div><div  data-label=\"Features\" data-id=\"features--1\" data-export-id=\"features-12\" data-category=\"features\" class=\"features-12 content-section content-section-spacing \" id=\"features-1\" style=\"background-color: rgb(255, 255, 255);\"><div  class=\"gridContainer\"> <div  class=\"row text-center\"><div  class=\"section-title-col\" data-type=\"column\"> <h2  class=\"\">Kontakt<\/h2> <p  class=\"lead\">Gabinet znajduje si\u0119 w Kalwarii Zebrzydowskiej oko\u0142o 40 minut jazdy od Krakowa<\/p><\/div> <\/div> <div  class=\"row spaced-cols\" data-type=\"row\"> <div  class=\"col-sm-6\"> <div  class=\"row space-bottom\"> <div  class=\"col-sm-fit icon-column\"> <i  class=\"fa icon color2 fa-map bordered round\"><\/i> <\/div> <div  class=\"col-sm\" data-type=\"column\">  <p  class=\"\"><iframe  src=\"https:\/\/www.google.com\/maps\/embed?pb=!1m14!1m8!1m3!1d6670.1508506331!2d19.68177030853921!3d49.86697908932686!3m2!1i1024!2i768!4f13.1!3m3!1m2!1s0x4716634f500e57f7%3A0xe04700769f06ab70!2sDiagnostyka.%20Laboratoria%20Medyczne.!5e0!3m2!1spl!2spl!4v1719828798594!5m2!1spl!2spl\" width=\"600\" height=\"450\" style=\"border: 0;\" allowfullscreen=\"\" loading=\"lazy\" referrerpolicy=\"no-referrer-when-downgrade\"><iframe       src=\"https:\/\/www.google.com\/maps\/embed?pb=!1m14!1m8!1m3!1d6670.1508506331!2d19.68177030853921!3d49.86697908932686!3m2!1i1024!2i768!4f13.1!3m3!1m2!1s0x4716634f500e57f7%3A0xe04700769f06ab70!2sDiagnostyka.%20Laboratoria%20Medyczne.!5e0!3m2!1spl!2spl!4v1719828798594!5m2!1spl!2spl\" width=\"600\" height=\"450\" style=\"border:0;\" allowfullscreen=\"\" loading=\"lazy\" referrerpolicy=\"no-referrer-when-downgrade\" ><br       ><\/iframe><\/p><\/div> <\/div><\/div> <div  class=\"col-sm-6\"><div  class=\"row space-bottom\"> <div  class=\"col-sm-fit icon-column\"><i  class=\"fa icon color2 fa-address-card bordered round\"><\/i><\/div> <div  class=\"col-sm\" data-type=\"column\"> <h3  class=\"\" style=\"font-family: &quot;open sans&quot; !important;\">Adriana Moska\u0142a<br >ul. Marii Konopnickiej 18,<br >34-130 Kalwaria Zebrzydowska<br ><br >tel: +48 881 555 775\n<br ><br >mail: adriana.moskala@gmail.com<\/h3><img  decoding=\"async\" class=\"custom-image\" src=\"https:\/\/wharmonii.org.pl\/wp-content\/uploads\/2022\/11\/osteopatia-2.jpg\" title=\"osteopatia-2\" alt=\"\"><\/div> <\/div><\/div>   <\/div><\/div> <\/div>","protected":false},"excerpt":{"rendered":"<p>O mnie Nazywam si\u0119 Adriana Moska\u0142a i jestem dyplomowanym fizjoterapeut\u0105 (prawo wykonywania zawodu 61179)Od ponad 20 lat zajmuj\u0119 si\u0119 ludzkim cia\u0142em, pracuj\u0105c i rozwijaj\u0105c swoje umiej\u0119tno\u015bci jako fizjoterapeuta.W tym czasie uko\u0144czy\u0142am szereg kurs\u00f3w i szkole\u0144 dzi\u0119ki, kt\u00f3rym dzisiaj mog\u0119 pomaga\u0107 ludziom. Praca fizjoterapeuty to r\u00f3wnocze\u015bnie moje hobby i co\u015b co ka\u017cdego dnia przynosi mi rado\u015b\u0107&hellip; <br \/> <a class=\"read-more\" href=\"https:\/\/wharmonii.org.pl\/\">Dowiedz si\u0119 wi\u0119cej<\/a><\/p>\n","protected":false},"author":1,"featured_media":0,"parent":0,"menu_order":0,"comment_status":"closed","ping_status":"closed","template":"page-templates\/homepage.php","meta":{"footnotes":""},"class_list":["post-123","page","type-page","status-publish","hentry"],"_links":{"self":[{"href":"https:\/\/wharmonii.org.pl\/index.php?rest_route=\/wp\/v2\/pages\/123","targetHints":{"allow":["GET"]}}],"collection":[{"href":"https:\/\/wharmonii.org.pl\/index.php?rest_route=\/wp\/v2\/pages"}],"about":[{"href":"https:\/\/wharmonii.org.pl\/index.php?rest_route=\/wp\/v2\/types\/page"}],"author":[{"embeddable":true,"href":"https:\/\/wharmonii.org.pl\/index.php?rest_route=\/wp\/v2\/users\/1"}],"replies":[{"embeddable":true,"href":"https:\/\/wharmonii.org.pl\/index.php?rest_route=%2Fwp%2Fv2%2Fcomments&post=123"}],"version-history":[{"count":37,"href":"https:\/\/wharmonii.org.pl\/index.php?rest_route=\/wp\/v2\/pages\/123\/revisions"}],"predecessor-version":[{"id":297,"href":"https:\/\/wharmonii.org.pl\/index.php?rest_route=\/wp\/v2\/pages\/123\/revisions\/297"}],"wp:attachment":[{"href":"https:\/\/wharmonii.org.pl\/index.php?rest_route=%2Fwp%2Fv2%2Fmedia&parent=123"}],"curies":[{"name":"wp","href":"https:\/\/api.w.org\/{rel}","templated":true}]}}